{"id":2449,"date":"2024-11-15T16:39:46","date_gmt":"2024-11-15T16:39:46","guid":{"rendered":"https:\/\/desvauxcosmetiques.com\/?post_type=product&#038;p=2449"},"modified":"2024-12-03T13:23:16","modified_gmt":"2024-12-03T13:23:16","slug":"crystal-glowing-skin-polish","status":"publish","type":"product","link":"https:\/\/desvauxcosmetiques.com\/sr\/\u043f\u0440\u043e\u0438\u0437\u0432\u043e\u0434\/crystal-glowing-skin-polish\/","title":{"rendered":"Crystal Glowing Skin Polish"},"content":{"rendered":"","protected":false},"excerpt":{"rendered":"<p><strong>Ne\u017ena, ali u\u010dinkovita maska za lice koja dubinski \u010disti, detoksifikuje i smiruje infekcije na ko\u017ei.<\/strong><\/p>","protected":false},"featured_media":2475,"comment_status":"open","ping_status":"closed","template":"","meta":{"_acf_changed":false,"_uag_custom_page_level_css":"","site-sidebar-layout":"default","site-content-layout":"default","ast-site-content-layout":"","site-content-style":"default","site-sidebar-style":"default","ast-global-header-display":"","ast-banner-title-visibility":"","ast-main-header-display":"","ast-hfb-above-header-display":"","ast-hfb-below-header-display":"","ast-hfb-mobile-header-display":"","site-post-title":"","ast-breadcrumbs-content":"","ast-featured-img":"","footer-sml-layout":"","theme-transparent-header-meta":"default","adv-header-id-meta":"","stick-header-meta":"default","header-above-stick-meta":"","header-main-stick-meta":"","header-below-stick-meta":"","astra-migrate-meta-layouts":"default","ast-page-background-enabled":"default","ast-page-background-meta":{"desktop":{"background-color":"","background-image":"","background-repeat":"repeat","background-position":"center center","background-size":"auto","background-attachment":"scroll","background-type":"","background-media":"","overlay-type":"","overlay-color":"","overlay-opacity":"","overlay-gradient":""},"tablet":{"background-color":"","background-image":"","background-repeat":"repeat","background-position":"center center","background-size":"auto","background-attachment":"scroll","background-type":"","background-media":"","overlay-type":"","overlay-color":"","overlay-opacity":"","overlay-gradient":""},"mobile":{"background-color":"","background-image":"","background-repeat":"repeat","background-position":"center center","background-size":"auto","background-attachment":"scroll","background-type":"","background-media":"","overlay-type":"","overlay-color":"","overlay-opacity":"","overlay-gradient":""}},"ast-content-background-meta":{"desktop":{"background-color":"var(--ast-global-color-5)","background-image":"","background-repeat":"repeat","background-position":"center center","background-size":"auto","background-attachment":"scroll","background-type":"","background-media":"","overlay-type":"","overlay-color":"","overlay-opacity":"","overlay-gradient":""},"tablet":{"background-color":"var(--ast-global-color-5)","background-image":"","background-repeat":"repeat","background-position":"center center","background-size":"auto","background-attachment":"scroll","background-type":"","background-media":"","overlay-type":"","overlay-color":"","overlay-opacity":"","overlay-gradient":""},"mobile":{"background-color":"var(--ast-global-color-5)","background-image":"","background-repeat":"repeat","background-position":"center center","background-size":"auto","background-attachment":"scroll","background-type":"","background-media":"","overlay-type":"","overlay-color":"","overlay-opacity":"","overlay-gradient":""}}},"product_brand":[],"product_cat":[29],"product_tag":[],"class_list":{"0":"post-2449","1":"product","2":"type-product","3":"status-publish","4":"has-post-thumbnail","6":"product_cat-cleanser","7":"desktop-align-left","8":"tablet-align-left","9":"mobile-align-left","11":"first","12":"instock","13":"shipping-taxable","14":"purchasable","15":"product-type-simple"},"acf":[],"uagb_featured_image_src":{"full":["https:\/\/desvauxcosmetiques.com\/wp-content\/uploads\/2024\/11\/crystal-glowing-skin-polish.jpg",2000,1333,false],"thumbnail":["https:\/\/desvauxcosmetiques.com\/wp-content\/uploads\/2024\/11\/crystal-glowing-skin-polish-150x150.jpg",150,150,true],"medium":["https:\/\/desvauxcosmetiques.com\/wp-content\/uploads\/2024\/11\/crystal-glowing-skin-polish-300x200.jpg",300,200,true],"medium_large":["https:\/\/desvauxcosmetiques.com\/wp-content\/uploads\/2024\/11\/crystal-glowing-skin-polish-768x512.jpg",768,512,true],"large":["https:\/\/desvauxcosmetiques.com\/wp-content\/uploads\/2024\/11\/crystal-glowing-skin-polish-1024x682.jpg",1024,682,true],"1536x1536":["https:\/\/desvauxcosmetiques.com\/wp-content\/uploads\/2024\/11\/crystal-glowing-skin-polish-1536x1024.jpg",1536,1024,true],"2048x2048":["https:\/\/desvauxcosmetiques.com\/wp-content\/uploads\/2024\/11\/crystal-glowing-skin-polish.jpg",2000,1333,false],"trp-custom-language-flag":["https:\/\/desvauxcosmetiques.com\/wp-content\/uploads\/2024\/11\/crystal-glowing-skin-polish-18x12.jpg",18,12,true],"woocommerce_thumbnail":["https:\/\/desvauxcosmetiques.com\/wp-content\/uploads\/2024\/11\/crystal-glowing-skin-polish-300x300.jpg",300,300,true],"woocommerce_single":["https:\/\/desvauxcosmetiques.com\/wp-content\/uploads\/2024\/11\/crystal-glowing-skin-polish-600x400.jpg",600,400,true],"woocommerce_gallery_thumbnail":["https:\/\/desvauxcosmetiques.com\/wp-content\/uploads\/2024\/11\/crystal-glowing-skin-polish-100x100.jpg",100,100,true]},"uagb_author_info":{"display_name":"yo1","author_link":"https:\/\/desvauxcosmetiques.com\/sr\/author\/"},"uagb_comment_info":0,"uagb_excerpt":"A gentle yet effective face mask that deep cleansers, detoxifier, and sooths infections on the skin.","_links":{"self":[{"href":"https:\/\/desvauxcosmetiques.com\/sr\/wp-json\/wp\/v2\/product\/2449","targetHints":{"allow":["GET"]}}],"collection":[{"href":"https:\/\/desvauxcosmetiques.com\/sr\/wp-json\/wp\/v2\/product"}],"about":[{"href":"https:\/\/desvauxcosmetiques.com\/sr\/wp-json\/wp\/v2\/types\/product"}],"replies":[{"embeddable":true,"href":"https:\/\/desvauxcosmetiques.com\/sr\/wp-json\/wp\/v2\/comments?post=2449"}],"wp:featuredmedia":[{"embeddable":true,"href":"https:\/\/desvauxcosmetiques.com\/sr\/wp-json\/wp\/v2\/media\/2475"}],"wp:attachment":[{"href":"https:\/\/desvauxcosmetiques.com\/sr\/wp-json\/wp\/v2\/media?parent=2449"}],"wp:term":[{"taxonomy":"product_brand","embeddable":true,"href":"https:\/\/desvauxcosmetiques.com\/sr\/wp-json\/wp\/v2\/product_brand?post=2449"},{"taxonomy":"product_cat","embeddable":true,"href":"https:\/\/desvauxcosmetiques.com\/sr\/wp-json\/wp\/v2\/product_cat?post=2449"},{"taxonomy":"product_tag","embeddable":true,"href":"https:\/\/desvauxcosmetiques.com\/sr\/wp-json\/wp\/v2\/product_tag?post=2449"}],"curies":[{"name":"wp","href":"https:\/\/api.w.org\/{rel}","templated":true}]}}