{"id":1413,"date":"2022-12-26T18:35:56","date_gmt":"2022-12-26T18:35:56","guid":{"rendered":"https:\/\/desvauxcosmetiques.com\/?post_type=product&#038;p=1413"},"modified":"2024-04-14T17:36:41","modified_gmt":"2024-04-14T17:36:41","slug":"french-vanilla-rose-recovery-day-creme","status":"publish","type":"product","link":"https:\/\/desvauxcosmetiques.com\/sr\/\u043f\u0440\u043e\u0438\u0437\u0432\u043e\u0434\/french-vanilla-rose-recovery-day-creme\/","title":{"rendered":"French Vanilla Rose Recovery Day Cr\u00e8me"},"content":{"rendered":"","protected":false},"excerpt":{"rendered":"<p>Hidratantna krema sa dubinskim dejstvom obnavlja \u0107elije ko\u017ee \u010dine\u0107i je blistavom, hidriranom i \u010dvrstom. Poma\u017ee u obnavljanju kolagena.<\/p>","protected":false},"featured_media":1414,"comment_status":"open","ping_status":"closed","template":"","meta":{"_acf_changed":false,"_uag_custom_page_level_css":"","site-sidebar-layout":"default","site-content-layout":"default","ast-site-content-layout":"","site-content-style":"default","site-sidebar-style":"default","ast-global-header-display":"","ast-banner-title-visibility":"","ast-main-header-display":"","ast-hfb-above-header-display":"","ast-hfb-below-header-display":"","ast-hfb-mobile-header-display":"","site-post-title":"","ast-breadcrumbs-content":"","ast-featured-img":"","footer-sml-layout":"","theme-transparent-header-meta":"default","adv-header-id-meta":"","stick-header-meta":"default","header-above-stick-meta":"","header-main-stick-meta":"","header-below-stick-meta":"","astra-migrate-meta-layouts":"default","ast-page-background-enabled":"default","ast-page-background-meta":{"desktop":{"background-color":"","background-image":"","background-repeat":"repeat","background-position":"center center","background-size":"auto","background-attachment":"scroll","background-type":"","background-media":"","overlay-type":"","overlay-color":"","overlay-opacity":"","overlay-gradient":""},"tablet":{"background-color":"","background-image":"","background-repeat":"repeat","background-position":"center center","background-size":"auto","background-attachment":"scroll","background-type":"","background-media":"","overlay-type":"","overlay-color":"","overlay-opacity":"","overlay-gradient":""},"mobile":{"background-color":"","background-image":"","background-repeat":"repeat","background-position":"center center","background-size":"auto","background-attachment":"scroll","background-type":"","background-media":"","overlay-type":"","overlay-color":"","overlay-opacity":"","overlay-gradient":""}},"ast-content-background-meta":{"desktop":{"background-color":"var(--ast-global-color-5)","background-image":"","background-repeat":"repeat","background-position":"center center","background-size":"auto","background-attachment":"scroll","background-type":"","background-media":"","overlay-type":"","overlay-color":"","overlay-opacity":"","overlay-gradient":""},"tablet":{"background-color":"var(--ast-global-color-5)","background-image":"","background-repeat":"repeat","background-position":"center center","background-size":"auto","background-attachment":"scroll","background-type":"","background-media":"","overlay-type":"","overlay-color":"","overlay-opacity":"","overlay-gradient":""},"mobile":{"background-color":"var(--ast-global-color-5)","background-image":"","background-repeat":"repeat","background-position":"center center","background-size":"auto","background-attachment":"scroll","background-type":"","background-media":"","overlay-type":"","overlay-color":"","overlay-opacity":"","overlay-gradient":""}}},"product_brand":[],"product_cat":[32],"product_tag":[],"class_list":{"0":"post-1413","1":"product","2":"type-product","3":"status-publish","4":"has-post-thumbnail","6":"product_cat-creme","7":"product_shipping_class-05kg","8":"desktop-align-left","9":"tablet-align-left","10":"mobile-align-left","12":"first","13":"instock","14":"shipping-taxable","15":"purchasable","16":"product-type-simple"},"acf":[],"uagb_featured_image_src":{"full":["https:\/\/desvauxcosmetiques.com\/wp-content\/uploads\/2022\/12\/19-scaled.jpg",2560,1707,false],"thumbnail":["https:\/\/desvauxcosmetiques.com\/wp-content\/uploads\/2022\/12\/19-150x150.jpg",150,150,true],"medium":["https:\/\/desvauxcosmetiques.com\/wp-content\/uploads\/2022\/12\/19-300x200.jpg",300,200,true],"medium_large":["https:\/\/desvauxcosmetiques.com\/wp-content\/uploads\/2022\/12\/19-768x512.jpg",768,512,true],"large":["https:\/\/desvauxcosmetiques.com\/wp-content\/uploads\/2022\/12\/19-1024x683.jpg",1024,683,true],"1536x1536":["https:\/\/desvauxcosmetiques.com\/wp-content\/uploads\/2022\/12\/19-1536x1024.jpg",1536,1024,true],"2048x2048":["https:\/\/desvauxcosmetiques.com\/wp-content\/uploads\/2022\/12\/19-2048x1366.jpg",2048,1366,true],"trp-custom-language-flag":["https:\/\/desvauxcosmetiques.com\/wp-content\/uploads\/2022\/12\/19-scaled.jpg",18,12,false],"woocommerce_thumbnail":["https:\/\/desvauxcosmetiques.com\/wp-content\/uploads\/2022\/12\/19-300x300.jpg",300,300,true],"woocommerce_single":["https:\/\/desvauxcosmetiques.com\/wp-content\/uploads\/2022\/12\/19-600x400.jpg",600,400,true],"woocommerce_gallery_thumbnail":["https:\/\/desvauxcosmetiques.com\/wp-content\/uploads\/2022\/12\/19-100x100.jpg",100,100,true]},"uagb_author_info":{"display_name":"yo1","author_link":"https:\/\/desvauxcosmetiques.com\/sr\/author\/"},"uagb_comment_info":0,"uagb_excerpt":"A deep penetrating hydrating cr\u00e8me that regenerates new skin cells leaving your skin radiant, hydrated and firm.\u00a0 Helps with collagen reparation.","_links":{"self":[{"href":"https:\/\/desvauxcosmetiques.com\/sr\/wp-json\/wp\/v2\/product\/1413","targetHints":{"allow":["GET"]}}],"collection":[{"href":"https:\/\/desvauxcosmetiques.com\/sr\/wp-json\/wp\/v2\/product"}],"about":[{"href":"https:\/\/desvauxcosmetiques.com\/sr\/wp-json\/wp\/v2\/types\/product"}],"replies":[{"embeddable":true,"href":"https:\/\/desvauxcosmetiques.com\/sr\/wp-json\/wp\/v2\/comments?post=1413"}],"wp:featuredmedia":[{"embeddable":true,"href":"https:\/\/desvauxcosmetiques.com\/sr\/wp-json\/wp\/v2\/media\/1414"}],"wp:attachment":[{"href":"https:\/\/desvauxcosmetiques.com\/sr\/wp-json\/wp\/v2\/media?parent=1413"}],"wp:term":[{"taxonomy":"product_brand","embeddable":true,"href":"https:\/\/desvauxcosmetiques.com\/sr\/wp-json\/wp\/v2\/product_brand?post=1413"},{"taxonomy":"product_cat","embeddable":true,"href":"https:\/\/desvauxcosmetiques.com\/sr\/wp-json\/wp\/v2\/product_cat?post=1413"},{"taxonomy":"product_tag","embeddable":true,"href":"https:\/\/desvauxcosmetiques.com\/sr\/wp-json\/wp\/v2\/product_tag?post=1413"}],"curies":[{"name":"wp","href":"https:\/\/api.w.org\/{rel}","templated":true}]}}